{"id":182,"date":"2021-03-22T19:53:09","date_gmt":"2021-03-22T22:53:09","guid":{"rendered":"https:\/\/www.designvernacular.com.br\/abridoresdeletras\/?page_id=182"},"modified":"2023-09-05T14:50:10","modified_gmt":"2023-09-05T17:50:10","slug":"o-projeto","status":"publish","type":"page","link":"https:\/\/www.designvernacular.com.br\/abridoresdeletras\/o-projeto\/","title":{"rendered":"O projeto"},"content":{"rendered":"\n<h3 class=\"wp-block-heading\">Apresenta\u00e7\u00e3o<\/h3>\n\n\n\n<p>O Projeto Abridores de Letras de Pernambuco tem como objetivo principal o mapeamento e an\u00e1lise da produ\u00e7\u00e3o de letreiramentos populares e da profiss\u00e3o do pintor letrista em Pernambuco, por meio do estudo comparativo entre as paisagens urbanas das cidades do Recife, de Gravat\u00e1, Caruaru, Arcoverde, Salgueiro e Petrolina. A pesquisa nasceu com a inten\u00e7\u00e3o de registrar a produ\u00e7\u00e3o de design de car\u00e1ter ef\u00eamero desenvolvida por estes art\u00edfices a fim de valoriz\u00e1-la e reconhec\u00ea-la como parte integrante da mem\u00f3ria gr\u00e1fica brasileira propondo uma vis\u00e3o mais descolonizada da hist\u00f3ria do design gr\u00e1fico no Brasil..&nbsp;<\/p>\n\n\n\n<p>A introdu\u00e7\u00e3o das novas tecnologias de impress\u00e3o digital desde o in\u00edcio dos anos 2000 voltada para a produ\u00e7\u00e3o de pe\u00e7as de sinaliza\u00e7\u00e3o impactou diretamente na pr\u00e1tica desse of\u00edcio, que progressivamente perdeu lugar no mercado. Aliado a isso, o car\u00e1ter transit\u00f3rio inerente a essa produ\u00e7\u00e3o sujeita ao movimento cont\u00ednuo de constru\u00e7\u00e3o e desconstru\u00e7\u00e3o do espa\u00e7o urbano tamb\u00e9m contribuiu para a redu\u00e7\u00e3o da inser\u00e7\u00e3o desses elementos de comunica\u00e7\u00e3o popular na paisagem visual da cidade.&nbsp;<\/p>\n\n\n\n<p>Ainda assim, podemos encontrar artefatos dessa natureza no contexto urbano, principalmente nas \u00e1reas perif\u00e9ricas das cidades, ou em regi\u00f5es mais comerciais. Alguns deles s\u00e3o confeccionados por puro improviso, pelas pr\u00f3prias m\u00e3os dos comerciantes informais, outros, no entanto, s\u00e3o elaborados por profissionais especializados nesse fazer \u2013 os pintores (ou abridores) de letras. Estes \u00faltimos se tornaram o objeto de estudo da nossa pesquisa.<\/p>\n\n\n\n<p>Para registrar esta produ\u00e7\u00e3o, a pesquisa Abridores de Letras de Pernambuco foi estruturada em tr\u00eas eixos principais &#8211; formal, t\u00e9cnico e hist\u00f3rico. Na sua fase inicial, a pesquisa teve o intuito de investigar as similaridades e diferen\u00e7as da linguagem visual dos letreiramentos populares das cidades visitadas, em busca de tra\u00e7ar um perfil da configura\u00e7\u00e3o visual e do processo produtivo desses artefatos no Estado de Pernambuco, sob o olhar do design, com \u00eanfase nos aspectos tipogr\u00e1ficos. Hoje a pesquisa tamb\u00e9m busca identificar os protagonistas deste of\u00edcio que muitas vezes se passam por an\u00f4nimos &#8211; os pintores de letras &#8211; bem como investigar os ind\u00edcios do in\u00edcio dessa atividade no Estado.<\/p>\n\n\n\n<p>A publica\u00e7\u00e3o deste site se caracteriza como uma nova fase do projeto. Al\u00e9m de disponibilizar para consulta parte do acervo fotogr\u00e1fico composto por mais de 1.000 imagens registradas no per\u00edodo de 2008-2013 ao longo da pesquisa de campo, este espa\u00e7o tamb\u00e9m se configura como um canal de troca de informa\u00e7\u00f5es com a finalidade de compartilhar o resultado da pesquisa com outras pessoas interessadas pelo tema e tamb\u00e9m como um espa\u00e7o de divulga\u00e7\u00e3o do trabalho de pintores de letras que ainda hoje atuam no estado de Pernambuco.<\/p>\n","protected":false},"excerpt":{"rendered":"<p>Apresenta\u00e7\u00e3o O Projeto Abridores de Letras de Pernambuco tem como objetivo principal o mapeamento e an\u00e1lise da produ\u00e7\u00e3o de letreiramentos populares e da profiss\u00e3o do pintor letrista em Pernambuco, por meio do estudo comparativo entre as paisagens urbanas das cidades do Recife, de Gravat\u00e1, Caruaru, Arcoverde, Salgueiro e Petrolina. A pesquisa nasceu com a inten\u00e7\u00e3o de registrar a produ\u00e7\u00e3o de design de car\u00e1ter ef\u00eamero desenvolvida por estes art\u00edfices a fim de valoriz\u00e1-la e reconhec\u00ea-la como parte integrante da mem\u00f3ria gr\u00e1fica brasileira propondo uma vis\u00e3o mais descolonizada da hist\u00f3ria do design gr\u00e1fico no Brasil..&nbsp; A introdu\u00e7\u00e3o das novas tecnologias de impress\u00e3o digital desde o in\u00edcio dos anos 2000 voltada para a produ\u00e7\u00e3o de pe\u00e7as de sinaliza\u00e7\u00e3o impactou diretamente na pr\u00e1tica desse of\u00edcio, que progressivamente perdeu lugar no mercado. Aliado a isso, o car\u00e1ter transit\u00f3rio inerente a essa produ\u00e7\u00e3o sujeita ao movimento cont\u00ednuo de constru\u00e7\u00e3o e desconstru\u00e7\u00e3o do espa\u00e7o urbano tamb\u00e9m contribuiu para a redu\u00e7\u00e3o da inser\u00e7\u00e3o desses elementos de comunica\u00e7\u00e3o popular na paisagem visual da cidade.&nbsp; Ainda assim, podemos encontrar artefatos dessa natureza no contexto urbano, principalmente nas \u00e1reas perif\u00e9ricas das cidades, ou em regi\u00f5es mais comerciais. Alguns deles s\u00e3o confeccionados por puro improviso, pelas pr\u00f3prias m\u00e3os dos comerciantes informais, outros, no entanto, s\u00e3o elaborados por profissionais especializados nesse fazer \u2013 os pintores (ou abridores) de letras. Estes \u00faltimos se tornaram o objeto de estudo da nossa pesquisa. Para registrar esta produ\u00e7\u00e3o, a pesquisa Abridores de Letras de Pernambuco foi estruturada em tr\u00eas eixos principais &#8211; formal, t\u00e9cnico e hist\u00f3rico. Na sua fase inicial, a pesquisa teve o intuito de investigar as similaridades e diferen\u00e7as da linguagem visual dos letreiramentos populares das cidades visitadas, em busca de tra\u00e7ar um perfil da configura\u00e7\u00e3o visual e do processo produtivo desses artefatos no Estado de Pernambuco, sob o olhar do design, com \u00eanfase nos aspectos tipogr\u00e1ficos. Hoje a pesquisa tamb\u00e9m busca identificar os protagonistas deste of\u00edcio que muitas vezes se passam por an\u00f4nimos &#8211; os pintores de letras &#8211; bem como investigar os ind\u00edcios do in\u00edcio dessa atividade no Estado. A publica\u00e7\u00e3o deste site se caracteriza como uma nova fase do projeto. Al\u00e9m de disponibilizar para consulta parte do acervo fotogr\u00e1fico composto por mais de 1.000 imagens registradas no per\u00edodo de 2008-2013 ao longo da pesquisa de campo, este espa\u00e7o tamb\u00e9m se configura como um canal de troca de informa\u00e7\u00f5es com a finalidade de compartilhar o resultado da pesquisa com outras pessoas interessadas pelo tema e tamb\u00e9m como um espa\u00e7o de divulga\u00e7\u00e3o do trabalho de pintores de letras que ainda hoje atuam no estado de Pernambuco.<\/p>\n","protected":false},"author":1,"featured_media":814,"parent":0,"menu_order":0,"comment_status":"closed","ping_status":"closed","template":"template-o-projeto.php","meta":{"footnotes":""},"class_list":["post-182","page","type-page","status-publish","has-post-thumbnail","hentry"],"_links":{"self":[{"href":"https:\/\/www.designvernacular.com.br\/abridoresdeletras\/wp-json\/wp\/v2\/pages\/182","targetHints":{"allow":["GET"]}}],"collection":[{"href":"https:\/\/www.designvernacular.com.br\/abridoresdeletras\/wp-json\/wp\/v2\/pages"}],"about":[{"href":"https:\/\/www.designvernacular.com.br\/abridoresdeletras\/wp-json\/wp\/v2\/types\/page"}],"author":[{"embeddable":true,"href":"https:\/\/www.designvernacular.com.br\/abridoresdeletras\/wp-json\/wp\/v2\/users\/1"}],"replies":[{"embeddable":true,"href":"https:\/\/www.designvernacular.com.br\/abridoresdeletras\/wp-json\/wp\/v2\/comments?post=182"}],"version-history":[{"count":6,"href":"https:\/\/www.designvernacular.com.br\/abridoresdeletras\/wp-json\/wp\/v2\/pages\/182\/revisions"}],"predecessor-version":[{"id":617,"href":"https:\/\/www.designvernacular.com.br\/abridoresdeletras\/wp-json\/wp\/v2\/pages\/182\/revisions\/617"}],"wp:featuredmedia":[{"embeddable":true,"href":"https:\/\/www.designvernacular.com.br\/abridoresdeletras\/wp-json\/wp\/v2\/media\/814"}],"wp:attachment":[{"href":"https:\/\/www.designvernacular.com.br\/abridoresdeletras\/wp-json\/wp\/v2\/media?parent=182"}],"curies":[{"name":"wp","href":"https:\/\/api.w.org\/{rel}","templated":true}]}}